{"id":1183,"date":"2021-04-17T07:40:27","date_gmt":"2021-04-17T07:40:27","guid":{"rendered":"https:\/\/lsc-condor-berlin.de\/wp\/?page_id=1183"},"modified":"2025-01-20T18:57:53","modified_gmt":"2025-01-20T17:57:53","slug":"uas-betreiberregistrierung","status":"publish","type":"page","link":"https:\/\/lsc-condor-berlin.de\/wp\/flugplatz\/uas-betreiberregistrierung\/","title":{"rendered":"UAS Betreiberregistrierung"},"content":{"rendered":"<p><strong>UAS &#8212; Unmanned Aircraft System &#8212;\u00a0 unbemannte Luftfahrzeugsysteme<\/strong><\/p>\n<p><em>Ab dem 31.12.2020 muss sich jeder Betreiber eines UAS registrieren, der ein UAS mit einer Startmasse von 250 g oder mehr betreibt. Eine Registrierungspflicht f\u00fcr UAS-Betreiber besteht auch f\u00fcr UAS von weniger als 250 g, wenn das UAS mit einem Sensor zur Erfassung personengebundener Daten, z.B. einer Kamera, ausgestattet ist. Nach der Registrierung erh\u00e4lt jeder UAS-Betreiber eine eindeutige elektronische Registrierungsnummer, die an jedem UAS anzubringen ist. Ein UAS-Betreiber kann unter seiner Registrierungsnummer mehrere UAS betreiben.<\/em><\/p>\n<p><em>Text vom Luftfahrt-Bundesamt auf der Seite:<\/em><br \/>\n<em><a href=\"https:\/\/www.lba.de\/DE\/Betrieb\/Unbemannte_Luftfahrtsysteme\/UAS_Betreiberregistrierung\/UAS_Betreiberregistrierung_node.html\" target=\"_blank\" rel=\"noopener\">https:\/\/www.lba.de\/DE\/Betrieb\/Unbemannte_Luftfahrtsysteme\/UAS_Betreiberregistrierung\/UAS_Betreiberregistrierung_node.html<\/a><\/em><\/p>\n<p><span style=\"color: #0000ff;\"><strong>Die Registrierungspflicht<\/strong><\/span> durch das LBA wurde f\u00fcr 4 Monate ausgesetzt und <span style=\"color: #0000ff;\"><strong>ist jetzt ab 1.5.21 verbindlich.<\/strong><\/span><\/p>\n<p>Die Regelungen gelten f\u00fcr alle Modell-Luftfahrzeuge, also nicht nur f\u00fcr Drohnen (Multikopter).<br \/>\nBitte bringt die Registrierungsnummer (ohne die 3 letzten Stellen) an euren Modellen an. Feuerfeste Schilder sind daf\u00fcr nicht vorgeschrieben, wie auch die alten Adressschilder nicht mehr notwendig sind. Es empfiehlt sich allerdings, die Adressen am Modell zu belassen, falls sich ein Modell einmal &#8222;selbst\u00e4ndig&#8220; macht und von einem Finder zur\u00fcckgebracht werden soll.<\/p>\n<p>Man<a href=\"http:\/\/lsc-condor-berlin.de\/wp\/wp-content\/uploads\/2021\/04\/uas-eID.jpg\"><img loading=\"lazy\" decoding=\"async\" class=\"size-medium wp-image-1185 alignleft\" src=\"http:\/\/lsc-condor-berlin.de\/wp\/wp-content\/uploads\/2021\/04\/uas-eID-300x200.jpg\" alt=\"\" width=\"300\" height=\"200\" \/><\/a> kann die Registrierungsnummer auch zusammen mit seinen Kontaktdaten und vielleicht der Adresse unseres Platzes in einen QR-Code packen.<br \/>\nThomas hat au\u00dferdem einen Dymo besorgt, mit dem er auf dem Platz eure Kennung zum Aufkleben ausdrucken kann.<\/p>\n<p>Rechtliche Hinweise zum Modellflug findet man auf den Seiten des DMFV:<br \/>\n<a href=\"https:\/\/www.dmfv.aero\/rund-ums-fliegen\/recht\/\" target=\"_blank\" rel=\"noopener\">https:\/\/www.dmfv.aero\/rund-ums-fliegen\/recht\/<\/a><br \/>\nDort werden regelm\u00e4\u00dfig aktuelle Fragen er\u00f6rtert.<\/p>\n<p>Zum Thema Kenntnisnachweis bzw. EU-Drohnenf\u00fchrerschein gibt es da auch einen Beitrag:<br \/>\n<a href=\"https:\/\/www.dmfv.aero\/rechtundwissen\/neue-eu-verordnung-kenntnisnachweis-noch-aktuell\/\" target=\"_blank\" rel=\"noopener\">https:\/\/www.dmfv.aero\/rechtundwissen\/neue-eu-verordnung-kenntnisnachweis-noch-aktuell\/<\/a><\/p>\n<p>Aktuell wird auf unserem Modellflugplatz zum Betrieb von<br \/>\nFlugmodellen kein Kenntnisnachweis ben\u00f6tigt. Au\u00dferhalb unseres Platzes<br \/>\ngelten die entsprechenden Vorgaben.<\/p>\n<p>&nbsp;<\/p>\n ","protected":false},"excerpt":{"rendered":"<p>UAS &#8212; Unmanned Aircraft System &#8212;\u00a0 unbemannte Luftfahrzeugsysteme Ab dem 31.12.2020 muss sich jeder Betreiber eines UAS registrieren, der ein UAS mit einer Startmasse von 250 g oder mehr betreibt. [&hellip;]<\/p>\n","protected":false},"author":2,"featured_media":0,"parent":59,"menu_order":0,"comment_status":"closed","ping_status":"closed","template":"","meta":{"footnotes":""},"class_list":["post-1183","page","type-page","status-publish","hentry"],"aioseo_notices":[],"_links":{"self":[{"href":"https:\/\/lsc-condor-berlin.de\/wp\/wp-json\/wp\/v2\/pages\/1183","targetHints":{"allow":["GET"]}}],"collection":[{"href":"https:\/\/lsc-condor-berlin.de\/wp\/wp-json\/wp\/v2\/pages"}],"about":[{"href":"https:\/\/lsc-condor-berlin.de\/wp\/wp-json\/wp\/v2\/types\/page"}],"author":[{"embeddable":true,"href":"https:\/\/lsc-condor-berlin.de\/wp\/wp-json\/wp\/v2\/users\/2"}],"replies":[{"embeddable":true,"href":"https:\/\/lsc-condor-berlin.de\/wp\/wp-json\/wp\/v2\/comments?post=1183"}],"version-history":[{"count":7,"href":"https:\/\/lsc-condor-berlin.de\/wp\/wp-json\/wp\/v2\/pages\/1183\/revisions"}],"predecessor-version":[{"id":1860,"href":"https:\/\/lsc-condor-berlin.de\/wp\/wp-json\/wp\/v2\/pages\/1183\/revisions\/1860"}],"up":[{"embeddable":true,"href":"https:\/\/lsc-condor-berlin.de\/wp\/wp-json\/wp\/v2\/pages\/59"}],"wp:attachment":[{"href":"https:\/\/lsc-condor-berlin.de\/wp\/wp-json\/wp\/v2\/media?parent=1183"}],"curies":[{"name":"wp","href":"https:\/\/api.w.org\/{rel}","templated":true}]}}