{"id":27,"date":"2019-03-23T22:31:20","date_gmt":"2019-03-23T22:31:20","guid":{"rendered":"http:\/\/lsc-condor-berlin.de\/wp\/?page_id=27"},"modified":"2019-04-12T16:58:43","modified_gmt":"2019-04-12T16:58:43","slug":"mitgliedschaft","status":"publish","type":"page","link":"https:\/\/lsc-condor-berlin.de\/wp\/verein\/mitgliedschaft\/","title":{"rendered":"Mitgliedschaft"},"content":{"rendered":"<p><strong>Nur drei Schritte, um beim LSC Mitglied zu werden:<\/strong><\/p>\n<p>1. <a href=\"http:\/\/lsc-condor-berlin.de\/wp\/wp-content\/uploads\/2019\/03\/Aufnahmeantrag.pdf\">Aufnahmeantrag als PDF downloaden &gt;&gt;<\/a><br \/>\n2. Zur Mitgliedschaft einfach das Antragsformular ausdrucken<br \/>\nund der Gesch\u00e4ftsstelle zusenden.<br \/>\n3. Im Antrag wird die <a href=\"http:\/\/lsc-condor-berlin.de\/wp\/verein\/satzung\/\">Anerkennung der Satzung gefordert<\/a>.<\/p>\n<p><strong>Beitr\u00e4ge, Aufnahmegeb\u00fchr<\/strong><\/p>\n<table width=\"552\" cellspacing=\"0\" cellpadding=\"6\">\n<colgroup>\n<col width=\"422\" \/>\n<col width=\"106\" \/> <\/colgroup>\n<tbody>\n<tr>\n<td style=\"background: #556f55;\" bgcolor=\"#556f55\" width=\"422\" height=\"33\"><strong>Erwachsener<\/strong><\/td>\n<td style=\"background: #556f55;\" bgcolor=\"#556f55\" width=\"106\"><\/td>\n<\/tr>\n<tr>\n<td style=\"background: #83ab83;\" bgcolor=\"#83ab83\" width=\"422\">Aufnahmegeb\u00fchr<\/td>\n<td style=\"background: #83ab83;\" bgcolor=\"#83ab83\" width=\"106\">\n<p align=\"right\">100,00 \u20ac<\/p>\n<\/td>\n<\/tr>\n<tr>\n<td style=\"background: #99cc99;\" bgcolor=\"#99cc99\" width=\"422\"><strong>Jahresbeitr\u00e4ge inkl. Versicherung:<br \/>\nnormal &#8211;\u00a0 3,0 Mio Deckungssumme<br \/>\nDMFV Komfort<\/strong><\/td>\n<td style=\"background: #99cc99;\" bgcolor=\"#99cc99\" width=\"106\">\n<p align=\"right\"><strong>100,00 \u20ac<\/strong><\/p>\n<\/td>\n<\/tr>\n<tr>\n<td style=\"background: #99cc99;\" bgcolor=\"#99cc99\" width=\"422\">erweitert &#8211; 4,0 Mio Deckungssumme<br \/>\nDMFV Premium<\/td>\n<td style=\"background: #99cc99;\" bgcolor=\"#99cc99\" width=\"106\">\n<p align=\"right\">108,00 \u20ac<\/p>\n<\/td>\n<\/tr>\n<tr>\n<td style=\"background: #99cc99;\" bgcolor=\"#99cc99\" width=\"422\">erweitert &#8211; 6,0 Mio Deckungssumme<br \/>\nDMFV Premium Gold<\/td>\n<td style=\"background: #99cc99;\" bgcolor=\"#99cc99\" width=\"106\">\n<p align=\"right\">120,00 \u20ac<\/p>\n<\/td>\n<\/tr>\n<tr>\n<td style=\"background: #ffffff;\" bgcolor=\"#ffffff\" width=\"422\">mit eigener Versicherung \/ Einzelmitglied DMFV<\/td>\n<td style=\"background: #ffffff;\" bgcolor=\"#ffffff\" width=\"106\">\n<p align=\"right\">84,00 \u20ac<\/p>\n<\/td>\n<\/tr>\n<\/tbody>\n<\/table>\n<table width=\"552\" cellspacing=\"0\" cellpadding=\"6\">\n<colgroup>\n<col width=\"421\" \/>\n<col width=\"104\" \/> <\/colgroup>\n<tbody>\n<tr>\n<td style=\"background: #8b8b44;\" bgcolor=\"#8b8b44\" width=\"421\" height=\"33\"><strong>Jugendlicher<br \/>\n(bis 18 bzw. in der Ausbildung bis max 25)<\/strong><\/td>\n<td style=\"background: #8b8b44;\" bgcolor=\"#8b8b44\" width=\"104\"><\/td>\n<\/tr>\n<tr>\n<td style=\"background: #abab53;\" bgcolor=\"#abab53\" width=\"421\">Aufnahmegeb\u00fchr<\/td>\n<td style=\"background: #abab53;\" bgcolor=\"#abab53\" width=\"104\">12,50 \u20ac<\/td>\n<\/tr>\n<tr>\n<td style=\"background: #cccc66;\" bgcolor=\"#cccc66\" width=\"421\"><strong>Jahresbeitr\u00e4ge inkl. Versicherung:<br \/>\nnormal &#8211; 3,0 Mio Deckungssumme<br \/>\nDMFV Komfort<\/strong><\/td>\n<td style=\"background: #cccc66;\" bgcolor=\"#cccc66\" width=\"104\"><strong>50,00 \u20ac<\/strong><\/td>\n<\/tr>\n<tr>\n<td style=\"background: #cccc66;\" bgcolor=\"#cccc66\" width=\"421\">erweitert &#8211; 4,0 Mio Deckungssumme<br \/>\nDMFV Premium<\/td>\n<td style=\"background: #cccc66;\" bgcolor=\"#cccc66\" width=\"104\">54,00 \u20ac<\/td>\n<\/tr>\n<tr>\n<td style=\"background: #cccc66;\" bgcolor=\"#cccc66\" width=\"421\">erweitert &#8211; 6,0 Mio Deckungssumme<br \/>\nDMFV Premium Gold<\/td>\n<td style=\"background: #cccc66;\" bgcolor=\"#cccc66\" width=\"104\">60,00 \u20ac<\/td>\n<\/tr>\n<tr>\n<td style=\"background: #ffffff;\" bgcolor=\"#ffffff\" width=\"421\">mit eigener Versicherung \/ Einzelmitglied DMFV<\/td>\n<td style=\"background: #ffffff;\" bgcolor=\"#ffffff\" width=\"104\">42,00 \u20ac<\/td>\n<\/tr>\n<\/tbody>\n<\/table>\n<p><a href=\"https:\/\/www.dmfv.aero\/versicherung\/versicherungen-fuer-modellflug-vereinsmitglieder\/versicherungsschutz-inklusive-fuer-vereinsmitglieder\/\" target=\"_blank\" rel=\"noopener noreferrer\">Weitere Infos zum Versicherungsschutz finden Sie auf der Seite des DMFV &gt;&gt;<\/a><\/p>\n<p><strong>Pflichtstunden pro Jahr<\/strong><br \/>\n(ausgenommen sind Behinderte mit einer MdE &gt; 50%)<\/p>\n<p>Es sind 3 Pflichtstunden pro Jahr zu leisten. F\u00fcr jede nicht geleistete Stunde werden 10,00 Euro erhoben. Die Pflichtstunden k\u00f6nnen bei Instandhaltungsarbeiten auf dem Flugplatz, als Helfer bei Wettbewerben oder auf Flugplatzfesten geleistet werden. Kontakt und Anfragen zur Aufnahme k\u00f6nnen in der Gesch\u00e4ftsstelle, beim <a href=\"mailto:T-Schwarzer@web.de\">1.Vorsitzenden Thomas Schwarzer<\/a> erfolgen.<\/p>\n<p><strong>Gesch\u00e4ftsstelle des Luftsportclub &#8222;CONDOR&#8220; e.V. Berlin<\/strong><br \/>\n<strong>c\/o Thomas Schwarzer<\/strong><br \/>\n<strong>Hartmannstr. 13a, 12207 Berlin<\/strong><br \/>\n<strong>Telefon: 030 \/ 77 15 64 9<\/strong><\/p>\n<p>Bankverbindung: LSC &#8222;CONDOR&#8220; e.V. Berlin<br \/>\nDeutsche Kreditbank<br \/>\nBLZ 12030000<br \/>\nKto Nr. 1020183495<br \/>\n<strong>IBAN DE31 1203 0000 1020 1834 95<\/strong><br \/>\nBIC BYLADEM1001<\/p>\n<p><strong>Gastflieger<\/strong><\/p>\n<p>Als Gastflieger besteht die M\u00f6glichkeit den Verein und das Fluggel\u00e4nde n\u00e4her kennenzulernen ohne gleich eintreten zu m\u00fcssen. Voraussetzung ist jedoch der Nachweis einer g\u00fcltigen Modell-Haftpflichtversicherung und einer Frequenzzuteilung f\u00fcr die Fernsteuerung.<\/p>\n<p>Die Startgeb\u00fchr f\u00fcr Gastflieger betr\u00e4gt 10,00 Euro und ist beim Flugleiter f\u00fcr den jeweiligen Flugtag zu entrichten.<\/p>\n<p>Wer regelm\u00e4\u00dfig als Gastflieger auftritt und die Einrichtungen des Vereins (f\u00fcr die im Vergleich zum Jahresbeitrag sehr g\u00fcnstige Startgeb\u00fchr) nutzt, wird nach einiger Zeit vom Vorstand auf eine Mitgliedschaft angesprochen. Dem Gastflieger soll, wie gesagt, die M\u00f6glichkeit gegeben werden den Verein gr\u00fcndlich zu testen, dann sollte aber eine Entscheidung fallen, bei Interesse einzutreten, (was wir sehr begr\u00fc\u00dfen w\u00fcrden) oder das Fluggel\u00e4nde nicht mehr zu nutzen, wenn es dem Gastflieger nicht zusagen sollte.<\/p>\n<p>Anf\u00e4nger, die Unterst\u00fctzung bei Erstfl\u00fcgen ben\u00f6tigen, erhalten diese auf Nachfrage kostenlos (ohne Startgeb\u00fchr).<\/p>\n ","protected":false},"excerpt":{"rendered":"<p>Nur drei Schritte, um beim LSC Mitglied zu werden: 1. Aufnahmeantrag als PDF downloaden &gt;&gt; 2. Zur Mitgliedschaft einfach das Antragsformular ausdrucken und der Gesch\u00e4ftsstelle zusenden. 3. Im Antrag wird [&hellip;]<\/p>\n","protected":false},"author":2,"featured_media":0,"parent":21,"menu_order":44,"comment_status":"closed","ping_status":"closed","template":"","meta":{"footnotes":""},"class_list":["post-27","page","type-page","status-publish","hentry"],"aioseo_notices":[],"_links":{"self":[{"href":"https:\/\/lsc-condor-berlin.de\/wp\/wp-json\/wp\/v2\/pages\/27","targetHints":{"allow":["GET"]}}],"collection":[{"href":"https:\/\/lsc-condor-berlin.de\/wp\/wp-json\/wp\/v2\/pages"}],"about":[{"href":"https:\/\/lsc-condor-berlin.de\/wp\/wp-json\/wp\/v2\/types\/page"}],"author":[{"embeddable":true,"href":"https:\/\/lsc-condor-berlin.de\/wp\/wp-json\/wp\/v2\/users\/2"}],"replies":[{"embeddable":true,"href":"https:\/\/lsc-condor-berlin.de\/wp\/wp-json\/wp\/v2\/comments?post=27"}],"version-history":[{"count":11,"href":"https:\/\/lsc-condor-berlin.de\/wp\/wp-json\/wp\/v2\/pages\/27\/revisions"}],"predecessor-version":[{"id":177,"href":"https:\/\/lsc-condor-berlin.de\/wp\/wp-json\/wp\/v2\/pages\/27\/revisions\/177"}],"up":[{"embeddable":true,"href":"https:\/\/lsc-condor-berlin.de\/wp\/wp-json\/wp\/v2\/pages\/21"}],"wp:attachment":[{"href":"https:\/\/lsc-condor-berlin.de\/wp\/wp-json\/wp\/v2\/media?parent=27"}],"curies":[{"name":"wp","href":"https:\/\/api.w.org\/{rel}","templated":true}]}}