{"id":87,"date":"2019-03-26T07:15:52","date_gmt":"2019-03-26T07:15:52","guid":{"rendered":"http:\/\/lsc-condor-berlin.de\/wp\/?page_id=87"},"modified":"2019-03-26T07:15:52","modified_gmt":"2019-03-26T07:15:52","slug":"flugplatz-sicherheit","status":"publish","type":"page","link":"https:\/\/lsc-condor-berlin.de\/wp\/flugplatz\/flugplatz-sicherheit\/","title":{"rendered":"Flugplatz-Sicherheit"},"content":{"rendered":"<p>In unserer Zeit wird die Sicherheit einerseits durch bis auf die kleinste Gef\u00e4hrdung hinweisende Gebrauchsanleitung auf die Spitze getrieben. Auf der anderen Seite wiegen sich viele Menschen in einem tr\u00fcgerischen Sicherheitsempfinden. Es scheint immer schwieriger zu werden, Gefahren realistisch einzusch\u00e4tzen. Im Modellflug ist daher ein Sicherheitsbewu\u00dftsein sehr wichtig. Auch wenn es absolute Sicherheit nicht gibt, kann sie durch eine bewu\u00dfte Wahrnehmung m\u00f6glicher Gef\u00e4hrdungen stark minimiert werden.<\/p>\n<p>Neben der Flugordnung, die weiter unten aufgef\u00fchrt ist, f\u00fchre ich hier Punkte auf, die aufgrund von Beobachtungen auf dem Platz, oder sich durch Erfahrungsberichte in Foren als h\u00e4ufige Unfallursache herausgestellt haben.<\/p>\n<p style=\"text-align: center;\"><strong><span style=\"color: #ff0000;\">Ausschlie\u00dfen von Doppelbelegungen!<\/span><\/strong><\/p>\n<p>Die Doppelbelegung von Frequenzen soll bei uns und vielen anderen Vereinen durch gezielte Ma\u00dfnahmen verhindert werden. Zentrales Element hierbei ist die <strong>Frequenztafel<\/strong>, die im Idealfall eine Doppelbelegung verhindert. Trotzdem kommt es immer wieder zu Doppelbelegungen mit meist schweren Personen und Sachsch\u00e4den. Im Herbst 2000 starb ein Jugendlicher in Gro\u00dfbritannien durch ein Modell, da\u00df wegen einer Doppelbelegung au\u00dfer Kontrolle geriet. Warum kommt es trotz Frequenztafel zu Doppelbelegungen?<\/p>\n<p>Wie so oft ist der Mensch mit seinen &#8222;nat\u00fcrlichen Schw\u00e4chen&#8220; die Hauptursache daf\u00fcr, da\u00df eigentlich sichere Systeme nicht sicher funktionieren. Es gilt also folgende Schw\u00e4chen durch besondere Aufmerksamkeit zu kompensieren:<\/p>\n<ul>\n<li>Die Frequenztafel wird nicht ausgeh\u00e4ngt, weil ich der erste und einzige auf dem Platz bin (kann sich schnell \u00e4ndern).<\/li>\n<li>Die Frequenztafel vergesse ich schlicht. Dagegen hilft eine Checkliste (kann kurz und knapp sein).<\/li>\n<li>Der Sender wird vorher schonmal eingeschaltet. Die o.g. Checkliste sollte so aufbewahrt werden, da\u00df sie einem vor dem Einschalten des Senders ins Auge f\u00e4llt.<\/li>\n<li>Ich habe einen Quarz mit der falschen Nummer im Sender und belege einen ganz anderen Kanal als ich annehme( dagegen hilft auch die beste Frequenztafel nicht). Die Frequenzschilder mit kleinen F\u00e4chern versehen in denen die Quarze aufbewahrt werden.<\/li>\n<li>Die Absprache von zwei Piloten auf dem gleichen Kanal klappt nicht. Auch wenn es vielleicht &#8222;albern&#8220; wirken sollte, jedes &#8222;Sender-Ein&#8220; und &#8222;Sender-Aus&#8220; dem jeweils anderen Piloten mitteilen.<\/li>\n<li>Bei Inbetriebnahme des Senders auf ungew\u00f6hnliche Flugzust\u00e4nde in der Umgebung achten und im Zweifelsfall, sofort den Sender ausschalten (Ist die Notversicherung, falls alle anderen Punkte versagt haben sollten)!<\/li>\n<\/ul>\n<p style=\"text-align: center;\"><strong><span style=\"color: #ff0000;\">Propellerfront und Propellerebene freihalten!<\/span><\/strong><\/p>\n<p>Neben den Hinweisen in der Flugplatzordnung ist es wichtig, auch die Luftschrauben nicht zu untersch\u00e4tzen. Ein Propeller kann sich jederzeit von der Welle l\u00f6sen und schie\u00dft dann nach vorne weg (auf dem Platz bereits geschehen). Dieser Sicherheitshinweis, der jedem Propeller beiliegt ist also berechtigt ! Beim Bruch des Propellers d\u00fcrften die Teile seitlich wegfliegen. Ich muss h\u00e4ufig interessierte Modellflieger, die sich gerade kurz vor Start des Motors genau vor das Modell stellen, bitten zur Seite zu gehen. Der Aufforderung wird meist nur z\u00f6gernd folge geleistet. Hier fehlt offenbar noch etwas Sicherheitsbewusstsein.<\/p>\n<p style=\"text-align: center;\"><span style=\"color: #ff0000;\"><strong>Modell ohne Sender zur\u00fcckholen!<\/strong><\/span><\/p>\n<p>Ein Punkt der seit langem in der Flugplatzordnung steht, aber oft nicht befolgt wird, ist der Punkt 8. Er besagt, da\u00df das Modell nach erfolgter Landung ohne Sender zur\u00fcckgeholt werden mu\u00df. D.h. der Sender sollte (idealerweise in Zaunn\u00e4he) abgelegt werden. Dann soll der Pilot das Modell, ohne den Sender mitzunehmen, vom Landeplatz holen. <strong>Zur Begr\u00fcndung dieser Vorschrift:<\/strong> Wenn der Sender mit auf den Platz getragen wird, kann ein landendes oder startendes Modell dem auf den Platz getragenen Sender sehr viel n\u00e4her kommen, als dem dazugeh\u00f6rigen Sender des Piloten. Im ung\u00fcnstigen Fall, verliert das Modell den Kontakt zum Piloten, ist also nicht mehr steuerbar und st\u00fcrzt ab. Daher auch die Empfehlung da\u00df die Piloten in einer lockeren Gruppe stehen sollen. Neben einer besseren M\u00f6glichkeit zur Absprache, ist hier auch sicher gestellt, da\u00df die Abst\u00e4nde von den Modellen zu den Sendern nicht extrem unterschiedlich sind.<\/p>\n<p><a href=\"http:\/\/lsc-condor-berlin.de\/wp\/flugplatz\/flugplatz-ordnung\/\"><strong>Flugplatzordnung beachten!<\/strong><\/a><\/p>\n ","protected":false},"excerpt":{"rendered":"<p>In unserer Zeit wird die Sicherheit einerseits durch bis auf die kleinste Gef\u00e4hrdung hinweisende Gebrauchsanleitung auf die Spitze getrieben. Auf der anderen Seite wiegen sich viele Menschen in einem tr\u00fcgerischen [&hellip;]<\/p>\n","protected":false},"author":2,"featured_media":0,"parent":59,"menu_order":37,"comment_status":"closed","ping_status":"closed","template":"","meta":{"footnotes":""},"class_list":["post-87","page","type-page","status-publish","hentry"],"aioseo_notices":[],"_links":{"self":[{"href":"https:\/\/lsc-condor-berlin.de\/wp\/wp-json\/wp\/v2\/pages\/87","targetHints":{"allow":["GET"]}}],"collection":[{"href":"https:\/\/lsc-condor-berlin.de\/wp\/wp-json\/wp\/v2\/pages"}],"about":[{"href":"https:\/\/lsc-condor-berlin.de\/wp\/wp-json\/wp\/v2\/types\/page"}],"author":[{"embeddable":true,"href":"https:\/\/lsc-condor-berlin.de\/wp\/wp-json\/wp\/v2\/users\/2"}],"replies":[{"embeddable":true,"href":"https:\/\/lsc-condor-berlin.de\/wp\/wp-json\/wp\/v2\/comments?post=87"}],"version-history":[{"count":1,"href":"https:\/\/lsc-condor-berlin.de\/wp\/wp-json\/wp\/v2\/pages\/87\/revisions"}],"predecessor-version":[{"id":88,"href":"https:\/\/lsc-condor-berlin.de\/wp\/wp-json\/wp\/v2\/pages\/87\/revisions\/88"}],"up":[{"embeddable":true,"href":"https:\/\/lsc-condor-berlin.de\/wp\/wp-json\/wp\/v2\/pages\/59"}],"wp:attachment":[{"href":"https:\/\/lsc-condor-berlin.de\/wp\/wp-json\/wp\/v2\/media?parent=87"}],"curies":[{"name":"wp","href":"https:\/\/api.w.org\/{rel}","templated":true}]}}